{"id":138,"date":"2024-04-22T13:07:24","date_gmt":"2024-04-22T13:07:24","guid":{"rendered":"https:\/\/stgnashgen2.wpenginepowered.com\/?page_id=138"},"modified":"2024-12-10T14:28:13","modified_gmt":"2024-12-10T14:28:13","slug":"do-i-qualify","status":"publish","type":"page","link":"https:\/\/nashgenstudy.com\/es-pr\/do-i-qualify\/","title":{"rendered":"\u00bfCumplo con los requisitos?"},"content":{"rendered":"<div data-elementor-type=\"wp-page\" data-elementor-id=\"138\" class=\"elementor elementor-138\" data-elementor-post-type=\"page\">\n\t\t\t\t<div class=\"elementor-element elementor-element-5a179ab e-flex e-con-boxed e-con e-parent\" data-id=\"5a179ab\" data-element_type=\"container\" data-e-type=\"container\" data-settings=\"{&quot;background_background&quot;:&quot;classic&quot;}\">\n\t\t\t\t\t<div class=\"e-con-inner\">\n\t\t<div class=\"elementor-element elementor-element-ff9a2b5 e-flex e-con-boxed e-con e-child\" data-id=\"ff9a2b5\" data-element_type=\"container\" data-e-type=\"container\">\n\t\t\t\t\t<div class=\"e-con-inner\">\n\t\t\t\t<div class=\"elementor-element elementor-element-bc836c1 elementor-widget elementor-widget-heading\" data-id=\"bc836c1\" data-element_type=\"widget\" data-e-type=\"widget\" data-widget_type=\"heading.default\">\n\t\t\t\t<div class=\"elementor-widget-container\">\n\t\t\t\t\t<h1 class=\"elementor-heading-title elementor-size-default\">\u00bfCumplo con los requisitos?<\/h1>\t\t\t\t<\/div>\n\t\t\t\t<\/div>\n\t\t\t\t\t<\/div>\n\t\t\t\t<\/div>\n\t\t<div class=\"elementor-element elementor-element-bfe1a16 e-flex e-con-boxed e-con e-child\" data-id=\"bfe1a16\" data-element_type=\"container\" data-e-type=\"container\">\n\t\t\t\t\t<div class=\"e-con-inner\">\n\t\t\t\t<div class=\"elementor-element elementor-element-d51a3da elementor-widget elementor-widget-image\" data-id=\"d51a3da\" data-element_type=\"widget\" data-e-type=\"widget\" data-widget_type=\"image.default\">\n\t\t\t\t<div class=\"elementor-widget-container\">\n\t\t\t\t\t\t\t\t\t\t\t\t\t\t\t<img fetchpriority=\"high\" decoding=\"async\" width=\"315\" height=\"248\" src=\"https:\/\/nashgenstudy.com\/wp-content\/uploads\/2024\/05\/Image_13.png\" class=\"attachment-large size-large wp-image-209\" alt=\"\" srcset=\"https:\/\/nashgenstudy.com\/wp-content\/uploads\/2024\/05\/Image_13.png 315w, https:\/\/nashgenstudy.com\/wp-content\/uploads\/2024\/05\/Image_13-300x236.png 300w, https:\/\/nashgenstudy.com\/wp-content\/uploads\/2024\/05\/Image_13-15x12.png 15w\" sizes=\"(max-width: 315px) 100vw, 315px\" \/>\t\t\t\t\t\t\t\t\t\t\t\t\t\t\t<\/div>\n\t\t\t\t<\/div>\n\t\t\t\t\t<\/div>\n\t\t\t\t<\/div>\n\t\t\t\t\t<\/div>\n\t\t\t\t<\/div>\n\t\t<div class=\"elementor-element elementor-element-ed255c2 e-flex e-con-boxed e-con e-parent\" data-id=\"ed255c2\" data-element_type=\"container\" data-e-type=\"container\">\n\t\t\t\t\t<div class=\"e-con-inner\">\n\t\t<div class=\"elementor-element elementor-element-d084765 e-con-full e-flex e-con e-child\" data-id=\"d084765\" data-element_type=\"container\" data-e-type=\"container\">\n\t\t\t\t<div class=\"elementor-element elementor-element-98d0c71 elementor-widget elementor-widget-image\" data-id=\"98d0c71\" data-element_type=\"widget\" data-e-type=\"widget\" data-widget_type=\"image.default\">\n\t\t\t\t<div class=\"elementor-widget-container\">\n\t\t\t\t\t\t\t\t\t\t\t\t\t\t\t<img decoding=\"async\" width=\"356\" height=\"357\" src=\"https:\/\/nashgenstudy.com\/wp-content\/uploads\/2024\/04\/QualifySecond.png\" class=\"attachment-large size-large wp-image-158\" alt=\"\" srcset=\"https:\/\/nashgenstudy.com\/wp-content\/uploads\/2024\/04\/QualifySecond.png 356w, https:\/\/nashgenstudy.com\/wp-content\/uploads\/2024\/04\/QualifySecond-300x300.png 300w, https:\/\/nashgenstudy.com\/wp-content\/uploads\/2024\/04\/QualifySecond-150x150.png 150w, https:\/\/nashgenstudy.com\/wp-content\/uploads\/2024\/04\/QualifySecond-12x12.png 12w\" sizes=\"(max-width: 356px) 100vw, 356px\" \/>\t\t\t\t\t\t\t\t\t\t\t\t\t\t\t<\/div>\n\t\t\t\t<\/div>\n\t\t\t\t<\/div>\n\t\t<div class=\"elementor-element elementor-element-cbd2b4f e-flex e-con-boxed e-con e-child\" data-id=\"cbd2b4f\" data-element_type=\"container\" data-e-type=\"container\">\n\t\t\t\t\t<div class=\"e-con-inner\">\n\t\t\t\t<div class=\"elementor-element elementor-element-92a4f5f elementor-widget elementor-widget-text-editor\" data-id=\"92a4f5f\" data-element_type=\"widget\" data-e-type=\"widget\" data-widget_type=\"text-editor.default\">\n\t\t\t\t<div class=\"elementor-widget-container\">\n\t\t\t\t\t\t\t\t\tSi desea formar parte del estudio de investigaci\u00f3n cl\u00ednica NASHGEN-2, complete el siguiente cuestionario para ver si califica. \t\t\t\t\t\t\t\t<\/div>\n\t\t\t\t<\/div>\n\t\t\t\t<div class=\"elementor-element elementor-element-84db061 elementor-widget elementor-widget-text-editor\" data-id=\"84db061\" data-element_type=\"widget\" data-e-type=\"widget\" data-widget_type=\"text-editor.default\">\n\t\t\t\t<div class=\"elementor-widget-container\">\n\t\t\t\t\t\t\t\t\t<p>Puede calificar para participar si tiene entre 18 y 75\u202fa\u00f1os de edad <strong>Y<\/strong> cumple con al menos uno de los siguientes requisitos:<\/p>\t\t\t\t\t\t\t\t<\/div>\n\t\t\t\t<\/div>\n\t\t\t\t<div class=\"elementor-element elementor-element-cb20f9a elementor-align-start elementor-icon-list--layout-traditional elementor-list-item-link-full_width elementor-widget elementor-widget-icon-list\" data-id=\"cb20f9a\" data-element_type=\"widget\" data-e-type=\"widget\" data-widget_type=\"icon-list.default\">\n\t\t\t\t<div class=\"elementor-widget-container\">\n\t\t\t\t\t\t\t<ul class=\"elementor-icon-list-items\">\n\t\t\t\t\t\t\t<li class=\"elementor-icon-list-item\">\n\t\t\t\t\t\t\t\t\t\t\t<span class=\"elementor-icon-list-icon\">\n\t\t\t\t\t\t\t<svg xmlns=\"http:\/\/www.w3.org\/2000\/svg\" width=\"31\" height=\"31\" viewbox=\"0 0 31 31\" fill=\"none\"><circle cx=\"15.0546\" cy=\"15.0545\" r=\"14.0545\" stroke=\"#752B8D\" stroke-width=\"2\"><\/circle><path d=\"M7.94548 16.7273L12.9637 20.9091L22.1637 9.61819\" stroke=\"#752B8D\" stroke-width=\"2\" stroke-linecap=\"round\" stroke-linejoin=\"round\"><\/path><\/svg>\t\t\t\t\t\t<\/span>\n\t\t\t\t\t\t\t\t\t\t<span class=\"elementor-icon-list-text\">Su m\u00e9dico dijo que usted tiene un h\u00edgado graso <br><b>O BIEN<\/b><\/span>\n\t\t\t\t\t\t\t\t\t<\/li>\n\t\t\t\t\t\t\t\t<li class=\"elementor-icon-list-item\">\n\t\t\t\t\t\t\t\t\t\t\t<span class=\"elementor-icon-list-icon\">\n\t\t\t\t\t\t\t<svg xmlns=\"http:\/\/www.w3.org\/2000\/svg\" width=\"31\" height=\"31\" viewbox=\"0 0 31 31\" fill=\"none\"><circle cx=\"15.0546\" cy=\"15.0545\" r=\"14.0545\" stroke=\"#752B8D\" stroke-width=\"2\"><\/circle><path d=\"M7.94548 16.7273L12.9637 20.9091L22.1637 9.61819\" stroke=\"#752B8D\" stroke-width=\"2\" stroke-linecap=\"round\" stroke-linejoin=\"round\"><\/path><\/svg>\t\t\t\t\t\t<\/span>\n\t\t\t\t\t\t\t\t\t\t<span class=\"elementor-icon-list-text\">Tiene diabetes tipo\u202f2 <br><b>O BIEN<\/b><\/span>\n\t\t\t\t\t\t\t\t\t<\/li>\n\t\t\t\t\t\t\t\t<li class=\"elementor-icon-list-item\">\n\t\t\t\t\t\t\t\t\t\t\t<span class=\"elementor-icon-list-icon\">\n\t\t\t\t\t\t\t<svg xmlns=\"http:\/\/www.w3.org\/2000\/svg\" width=\"31\" height=\"31\" viewbox=\"0 0 31 31\" fill=\"none\"><circle cx=\"15.0546\" cy=\"15.0545\" r=\"14.0545\" stroke=\"#752B8D\" stroke-width=\"2\"><\/circle><path d=\"M7.94548 16.7273L12.9637 20.9091L22.1637 9.61819\" stroke=\"#752B8D\" stroke-width=\"2\" stroke-linecap=\"round\" stroke-linejoin=\"round\"><\/path><\/svg>\t\t\t\t\t\t<\/span>\n\t\t\t\t\t\t\t\t\t\t<span class=\"elementor-icon-list-text\">Tiene obesidad<\/span>\n\t\t\t\t\t\t\t\t\t<\/li>\n\t\t\t\t\t\t<\/ul>\n\t\t\t\t\t\t<\/div>\n\t\t\t\t<\/div>\n\t\t\t\t<div class=\"elementor-element elementor-element-49d020d elementor-widget elementor-widget-text-editor\" data-id=\"49d020d\" data-element_type=\"widget\" data-e-type=\"widget\" data-widget_type=\"text-editor.default\">\n\t\t\t\t<div class=\"elementor-widget-container\">\n\t\t\t\t\t\t\t\t\tHay otros requisitos para participar. Es posible que se le realice un chequeo m\u00e9dico completo que incluya pruebas de salud hep\u00e1tica y pruebas gen\u00e9ticas para determinar si puede participar en este estudio. Si tiene otras preguntas, comparta este sitio web con su m\u00e9dico para analizar este estudio.  \t\t\t\t\t\t\t\t<\/div>\n\t\t\t\t<\/div>\n\t\t\t\t\t<\/div>\n\t\t\t\t<\/div>\n\t\t\t\t\t<\/div>\n\t\t\t\t<\/div>\n\t\t\t\t<section class=\"elementor-section elementor-top-section elementor-element elementor-element-bbb06b3 questionnare elementor-section-boxed elementor-section-height-default elementor-section-height-default\" data-id=\"bbb06b3\" data-element_type=\"section\" data-e-type=\"section\" id=\"questionnare\" data-settings=\"{&quot;background_background&quot;:&quot;classic&quot;}\">\n\t\t\t\t\t\t<div class=\"elementor-container elementor-column-gap-default\">\n\t\t\t\t\t<div class=\"elementor-column elementor-col-100 elementor-top-column elementor-element elementor-element-22178c4b\" data-id=\"22178c4b\" data-element_type=\"column\" data-e-type=\"column\">\n\t\t\t<div class=\"elementor-widget-wrap elementor-element-populated\">\n\t\t\t\t\t\t<div class=\"elementor-element elementor-element-58e84245 elementor-widget elementor-widget-heading\" data-id=\"58e84245\" data-element_type=\"widget\" data-e-type=\"widget\" id=\"pre-screener\" data-widget_type=\"heading.default\">\n\t\t\t\t<div class=\"elementor-widget-container\">\n\t\t\t\t\t<h2 class=\"elementor-heading-title elementor-size-default\">Cuestionario del estudio<\/h2>\t\t\t\t<\/div>\n\t\t\t\t<\/div>\n\t\t\t\t<div class=\"elementor-element elementor-element-65c6dcf5 elementor-widget elementor-widget-text-editor\" data-id=\"65c6dcf5\" data-element_type=\"widget\" data-e-type=\"widget\" data-widget_type=\"text-editor.default\">\n\t\t\t\t<div class=\"elementor-widget-container\">\n\t\t\t\t\t\t\t\t\t<p>Puede saber si cumple con algunos de los requisitos completando el siguiente cuestionario. Solo responda \u201cs\u00ed\u201d o \u201cno\u201d a cada pregunta y, luego, haga clic en el bot\u00f3n Enviar.<strong> Este cuestionario es totalmente an\u00f3nimo (no se guarda su informaci\u00f3n personal).<\/strong><\/p>\t\t\t\t\t\t\t\t<\/div>\n\t\t\t\t<\/div>\n\t\t\t\t<div class=\"elementor-element elementor-element-4509730d elementor-widget elementor-widget-text-editor\" data-id=\"4509730d\" data-element_type=\"widget\" data-e-type=\"widget\" data-widget_type=\"text-editor.default\">\n\t\t\t\t<div class=\"elementor-widget-container\">\n\t\t\t\t\t\t\t\t\tEste cuestionario no incluye todos los requisitos que debe cumplir para participar. Si califica para este estudio, cuando visite el centro de estudio por primera vez recibir\u00e1 tambi\u00e9n una copia del Formulario de consentimiento informado, donde encontrar\u00e1 m\u00e1s informaci\u00f3n. \t\t\t\t\t\t\t\t<\/div>\n\t\t\t\t<\/div>\n\t\t\t\t<div class=\"elementor-element elementor-element-3f3e4c21 elementor-icon-list--layout-traditional elementor-list-item-link-full_width elementor-widget elementor-widget-icon-list\" data-id=\"3f3e4c21\" data-element_type=\"widget\" data-e-type=\"widget\" data-widget_type=\"icon-list.default\">\n\t\t\t\t<div class=\"elementor-widget-container\">\n\t\t\t\t\t\t\t<ul class=\"elementor-icon-list-items\">\n\t\t\t\t\t\t\t<li class=\"elementor-icon-list-item\">\n\t\t\t\t\t\t\t\t\t\t<span class=\"elementor-icon-list-text\">Haga clic en la respuesta que se ajuste mejor a su caso.<\/span>\n\t\t\t\t\t\t\t\t\t<\/li>\n\t\t\t\t\t\t<\/ul>\n\t\t\t\t\t\t<\/div>\n\t\t\t\t<\/div>\n\t\t\t\t<div class=\"elementor-element elementor-element-22f9e11e elementor-widget elementor-widget-html\" data-id=\"22f9e11e\" data-element_type=\"widget\" data-e-type=\"widget\" data-widget_type=\"html.default\">\n\t\t\t\t<div class=\"elementor-widget-container\">\n\t\t\t\t\t<form id=\"preScreener\" action=\"\">\n  <div class=\"form-row\">\n    <label class=\"form-label\">\u00bfTiene entre 18 y 75\u202fa\u00f1os?<\/label>\n    <label class=\"form-radio\">\n    <input type=\"radio\" name=\"fieldGroup1\" value=\"yes\" class='yes-radio radioBtn' required> <span class=\"checkmark\"><\/span>\n    <span class='label-text'>S\u00ed<\/span><\/label>\n    <label class=\"form-radio\">\n    <input type=\"radio\" name=\"fieldGroup1\" value=\"no\" class=\"radioBtn\" required>  <span class=\"checkmark\"><\/span>\n    <span class='label-text'>No<\/span><\/label>\n  <\/div>\n  \n  <div class=\"form-row\">\n    <label class=\"form-label\">\u00bfSu m\u00e9dico le dijo que tiene un h\u00edgado graso?<\/label>\n    <label class=\"form-radio\">\n    <input type=\"radio\" name=\"fieldGroup2\" value=\"yes\" class='radioBtn' required>  <span class=\"checkmark\"><\/span>\n    <span class='label-text'>S\u00ed<\/span><\/label>\n    <label class=\"form-radio\">\n    <input type=\"radio\" name=\"fieldGroup2\" value=\"no\" class=\"radioBtn\" required>  <span class=\"checkmark\"><\/span>\n    <span class='label-text'>No<\/span><\/label>\n  <\/div>\n  \n  <div class=\"form-row\">\n    <label class=\"form-label\">\u00bfTiene diabetes tipo\u202f2?<\/label>\n    <label class=\"form-radio\">\n    <input type=\"radio\" name=\"fieldGroup3\" value=\"yes\" class='radioBtn' required>  <span class=\"checkmark\"><\/span>\n    <span class='label-text'>S\u00ed<\/span><\/label>\n    <label class=\"form-radio\">\n    <input type=\"radio\" name=\"fieldGroup3\" value=\"no\" class=\"radioBtn\" required>  <span class=\"checkmark\"><\/span>\n    <span class='label-text'>No<\/span><\/label>\n  <\/div>\n  \n  <div class=\"form-row\">\n    <label class=\"form-label\">\u00bfTiene obesidad?<\/label>\n    <label class=\"form-radio\">\n    <input type=\"radio\" name=\"fieldGroup4\" value=\"yes\" class=\"radioBtn\" required>  <span class=\"checkmark\"><\/span>\n    <span class='label-text'>S\u00ed<\/span><\/label>\n    <label class=\"form-radio\">\n    <input type=\"radio\" name=\"fieldGroup4\" value=\"no\" class=\"radioBtn\" required>  <span class=\"checkmark\"><\/span>\n    <span class='label-text'>No<\/span><\/label>\n  <\/div>\n  \n  <div class=\"form-row\">\n    <label class=\"form-label\">\u00bfSu m\u00e9dico dijo que tiene alguna de las siguientes enfermedades hep\u00e1ticas: cirrosis, enfermedad de Wilson, hemocromatosis, insuficiencia de alfa-1 antitripsina, hepatitis viral cr\u00f3nica, hepatitis alcoh\u00f3lica?<\/label>\n    <label class=\"form-radio\">\n    <input type=\"radio\" name=\"fieldGroup5\" value=\"yes\" class=\"radioBtn\" required>  <span class=\"checkmark\"><\/span>\n    <span class='label-text'>S\u00ed<\/span><\/label>\n    <label class=\"form-radio\">\n    <input type=\"radio\" name=\"fieldGroup5\" value=\"no\" class=\"radioBtn no-radio\" required>  <span class=\"checkmark\"><\/span>\n    <span class='label-text'>No<\/span><\/label>\n  <\/div>\n    <div class=\"form-row\">\n    <label class=\"form-label\">\u00bfEst\u00e1 embarazada o en per\u00edodo de lactancia, o planea quedar embarazada o que su pareja quede embarazada?<\/label>\n    <label class=\"form-radio\">\n    <input type=\"radio\" name=\"fieldGroup6\" value=\"yes\" class=\"radioBtn\" required>  <span class=\"checkmark\"><\/span>\n    <span class='label-text'>S\u00ed<\/span><\/label>\n    <label class=\"form-radio\">\n    <input type=\"radio\" name=\"fieldGroup6\" value=\"no\" class=\"radioBtn no-radio\" required>  <span class=\"checkmark\"><\/span>\n    <span class='label-text'>No<\/span><\/label>\n  <\/div>\n <span id=\"preError\" style=\"display: none;\">Please answer all questions!<\/span>\n  <div class=\"preeScreenerBtn\">\n    <input type=\"submit\" value=\"Enviar\" id='btn'>\n  <\/div>\n<input type=\"hidden\" name=\"trp-form-language\" value=\"es-pr\"\/><\/form>\t\t\t\t<\/div>\n\t\t\t\t<\/div>\n\t\t\t\t\t<\/div>\n\t\t<\/div>\n\t\t\t\t\t<\/div>\n\t\t<\/section>\n\t\t<div class=\"elementor-element elementor-element-0094335 e-flex e-con-boxed e-con e-parent\" data-id=\"0094335\" data-element_type=\"container\" data-e-type=\"container\" id=\"site-finder\">\n\t\t\t\t\t<div class=\"e-con-inner\">\n\t\t\t\t<div class=\"elementor-element elementor-element-1e239cc elementor-widget elementor-widget-heading\" data-id=\"1e239cc\" data-element_type=\"widget\" data-e-type=\"widget\" data-widget_type=\"heading.default\">\n\t\t\t\t<div class=\"elementor-widget-container\">\n\t\t\t\t\t<h2 class=\"elementor-heading-title elementor-size-default\">Encuentre un centro de estudio cercano<\/h2>\t\t\t\t<\/div>\n\t\t\t\t<\/div>\n\t\t\t\t<div class=\"elementor-element elementor-element-cc980a8 elementor-widget elementor-widget-text-editor\" data-id=\"cc980a8\" data-element_type=\"widget\" data-e-type=\"widget\" data-widget_type=\"text-editor.default\">\n\t\t\t\t<div class=\"elementor-widget-container\">\n\t\t\t\t\t\t\t\t\tPara encontrar el centro de estudio m\u00e1s cercano, ingrese su c\u00f3digo postal.\t\t\t\t\t\t\t\t<\/div>\n\t\t\t\t<\/div>\n\t\t\t\t<div class=\"elementor-element elementor-element-16f5c5c elementor-widget elementor-widget-shortcode\" data-id=\"16f5c5c\" data-element_type=\"widget\" data-e-type=\"widget\" data-widget_type=\"shortcode.default\">\n\t\t\t\t<div class=\"elementor-widget-container\">\n\t\t\t\t\t\t\t<div class=\"elementor-shortcode\">\n\n <style>\r\n\t#wpsl-stores .wpsl-store-thumb {height:45px !important; width:45px !important;}\r\n\t#wpsl-stores, #wpsl-direction-details, #wpsl-gmap {height:650px !important;}\r\n\t#wpsl-gmap .wpsl-info-window {max-width:250px !important;}\r\n\t.wpsl-input label, #wpsl-radius label, #wpsl-category label {width:200px;}\r\n\t#wpsl-search-input ,#wpsl-category .wpsl-dropdown {width:200px;}\r\n<\/style>\r\n<div id=\"wpsl-wrap\">\r\n\t<div class=\"wpsl-search wpsl-clearfix\">\r\n\t\t<div id=\"wpsl-search-wrap\">\r\n\t\t\t<form autocomplete=\"off\" action=\"\">\r\n\t\t\t<div class=\"wpsl-input\">\r\n\t\t\t\t<div><label for=\"wpsl-search-input\">Tu ubicaci\u00f3n<\/label><\/div>\r\n\t\t\t\t<input id=\"wpsl-search-input\" type=\"text\" value=\"\" name=\"wpsl-search-input\" placeholder=\"\" aria-required=\"true\" \/>\r\n\t\t\t<\/div>\r\n\t\t\t\t<div class=\"wpsl-search-btn-wrap\"><input id=\"wpsl-search-btn\" type=\"submit\" value=\"Buscar\"><\/div>\r\n\t\t<input type=\"hidden\" name=\"trp-form-language\" value=\"es-pr\"\/><\/form>\r\n\t\t<\/div>\r\n\t<\/div>\r\n\t<div id=\"wpsl-gmap\" class=\"wpsl-gmap-canvas\"><\/div>\r\n\t<div id=\"wpsl-result-list\">\r\n\t\t<div id=\"wpsl-stores\" >\r\n\t\t\t<ul><\/ul>\r\n\t\t<\/div>\r\n\t\t<div id=\"wpsl-direction-details\">\r\n\t\t\t<ul><\/ul>\r\n\t\t<\/div>\r\n\t<\/div>\r\n<\/div>\r\n \n\n\n\n\n\n\n\n\n<\/div>\n\t\t\t\t\t\t<\/div>\n\t\t\t\t<\/div>\n\t\t\t\t\t<\/div>\n\t\t\t\t<\/div>\n\t\t\t\t<\/div>","protected":false},"excerpt":{"rendered":"<p>Do I Qualify? If you wish to take part in the NASHGEN-2 clinical research study, fill in the questionnaire below to see if you may qualify. You may qualify to participate if you are between the ages of 18 and 75 AND have at least one of the following: Your doctor has said you have [&hellip;]<\/p>\n","protected":false},"author":2,"featured_media":0,"parent":0,"menu_order":0,"comment_status":"closed","ping_status":"closed","template":"","meta":{"footnotes":""},"class_list":["post-138","page","type-page","status-publish","hentry"],"_links":{"self":[{"href":"https:\/\/nashgenstudy.com\/es-pr\/wp-json\/wp\/v2\/pages\/138","targetHints":{"allow":["GET"]}}],"collection":[{"href":"https:\/\/nashgenstudy.com\/es-pr\/wp-json\/wp\/v2\/pages"}],"about":[{"href":"https:\/\/nashgenstudy.com\/es-pr\/wp-json\/wp\/v2\/types\/page"}],"author":[{"embeddable":true,"href":"https:\/\/nashgenstudy.com\/es-pr\/wp-json\/wp\/v2\/users\/2"}],"replies":[{"embeddable":true,"href":"https:\/\/nashgenstudy.com\/es-pr\/wp-json\/wp\/v2\/comments?post=138"}],"version-history":[{"count":0,"href":"https:\/\/nashgenstudy.com\/es-pr\/wp-json\/wp\/v2\/pages\/138\/revisions"}],"wp:attachment":[{"href":"https:\/\/nashgenstudy.com\/es-pr\/wp-json\/wp\/v2\/media?parent=138"}],"curies":[{"name":"wp","href":"https:\/\/api.w.org\/{rel}","templated":true}]}}