{"id":8,"date":"2024-04-17T11:53:34","date_gmt":"2024-04-17T11:53:34","guid":{"rendered":"https:\/\/stgnashgen2.wpenginepowered.com\/?page_id=8"},"modified":"2024-12-11T14:09:39","modified_gmt":"2024-12-11T14:09:39","slug":"home","status":"publish","type":"page","link":"https:\/\/nashgenstudy.com\/es-us\/home\/","title":{"rendered":"Inicio"},"content":{"rendered":"<div data-elementor-type=\"wp-page\" data-elementor-id=\"8\" class=\"elementor elementor-8\" data-elementor-post-type=\"page\">\n\t\t\t\t<div class=\"elementor-element elementor-element-57b4b9b e-flex e-con-boxed e-con e-parent\" data-id=\"57b4b9b\" data-element_type=\"container\" data-e-type=\"container\" data-settings=\"{&quot;background_background&quot;:&quot;classic&quot;}\">\n\t\t\t\t\t<div class=\"e-con-inner\">\n\t\t<div class=\"elementor-element elementor-element-e6016b5 e-flex e-con-boxed e-con e-child\" data-id=\"e6016b5\" data-element_type=\"container\" data-e-type=\"container\">\n\t\t\t\t\t<div class=\"e-con-inner\">\n\t\t\t\t<div class=\"elementor-element elementor-element-96bbf90 elementor-widget elementor-widget-heading\" data-id=\"96bbf90\" data-element_type=\"widget\" data-e-type=\"widget\" data-widget_type=\"heading.default\">\n\t\t\t\t<div class=\"elementor-widget-container\">\n\t\t\t\t\t<h1 class=\"elementor-heading-title elementor-size-default\">Estudio de investigaci\u00f3n cl\u00ednica para EHNA<\/h1>\t\t\t\t<\/div>\n\t\t\t\t<\/div>\n\t\t\t\t<div class=\"elementor-element elementor-element-c2e4b6c elementor-widget elementor-widget-heading\" data-id=\"c2e4b6c\" data-element_type=\"widget\" data-e-type=\"widget\" data-widget_type=\"heading.default\">\n\t\t\t\t<div class=\"elementor-widget-container\">\n\t\t\t\t\t<h3 class=\"elementor-heading-title elementor-size-default\">Obtenga informaci\u00f3n acerca del estudio cl\u00ednico NASHGEN-2<\/h3>\t\t\t\t<\/div>\n\t\t\t\t<\/div>\n\t\t\t\t\t<\/div>\n\t\t\t\t<\/div>\n\t\t<div class=\"elementor-element elementor-element-56328e4 e-flex e-con-boxed e-con e-child\" data-id=\"56328e4\" data-element_type=\"container\" data-e-type=\"container\">\n\t\t\t\t\t<div class=\"e-con-inner\">\n\t\t\t\t<div class=\"elementor-element elementor-element-b4313a0 elementor-absolute elementor-hidden-mobile elementor-widget elementor-widget-image\" data-id=\"b4313a0\" data-element_type=\"widget\" data-e-type=\"widget\" data-settings=\"{&quot;_position&quot;:&quot;absolute&quot;}\" data-widget_type=\"image.default\">\n\t\t\t\t<div class=\"elementor-widget-container\">\n\t\t\t\t\t\t\t\t\t\t\t\t\t\t\t<img fetchpriority=\"high\" decoding=\"async\" width=\"605\" height=\"454\" src=\"https:\/\/nashgenstudy.com\/wp-content\/uploads\/2024\/04\/heroImageRight.png\" class=\"attachment-large size-large wp-image-49\" alt=\"\" srcset=\"https:\/\/nashgenstudy.com\/wp-content\/uploads\/2024\/04\/heroImageRight.png 605w, https:\/\/nashgenstudy.com\/wp-content\/uploads\/2024\/04\/heroImageRight-300x225.png 300w\" sizes=\"(max-width: 605px) 100vw, 605px\" \/>\t\t\t\t\t\t\t\t\t\t\t\t\t\t\t<\/div>\n\t\t\t\t<\/div>\n\t\t\t\t\t<\/div>\n\t\t\t\t<\/div>\n\t\t\t\t\t<\/div>\n\t\t\t\t<\/div>\n\t\t<div class=\"elementor-element elementor-element-57fd66c e-flex e-con-boxed e-con e-parent\" data-id=\"57fd66c\" data-element_type=\"container\" data-e-type=\"container\">\n\t\t\t\t\t<div class=\"e-con-inner\">\n\t\t<div class=\"elementor-element elementor-element-9aa9b82 e-con-full e-flex e-con e-child\" data-id=\"9aa9b82\" data-element_type=\"container\" data-e-type=\"container\">\n\t\t\t\t<div class=\"elementor-element elementor-element-a1e6ff8 elementor-widget elementor-widget-image\" data-id=\"a1e6ff8\" data-element_type=\"widget\" data-e-type=\"widget\" data-widget_type=\"image.default\">\n\t\t\t\t<div class=\"elementor-widget-container\">\n\t\t\t\t\t\t\t\t\t\t\t\t\t\t\t<img decoding=\"async\" width=\"356\" height=\"372\" src=\"https:\/\/nashgenstudy.com\/wp-content\/uploads\/2024\/04\/livingLeftpng.png\" class=\"attachment-large size-large wp-image-53\" alt=\"\" srcset=\"https:\/\/nashgenstudy.com\/wp-content\/uploads\/2024\/04\/livingLeftpng.png 356w, https:\/\/nashgenstudy.com\/wp-content\/uploads\/2024\/04\/livingLeftpng-287x300.png 287w\" sizes=\"(max-width: 356px) 100vw, 356px\" \/>\t\t\t\t\t\t\t\t\t\t\t\t\t\t\t<\/div>\n\t\t\t\t<\/div>\n\t\t\t\t<\/div>\n\t\t<div class=\"elementor-element elementor-element-171e41d e-flex e-con-boxed e-con e-child\" data-id=\"171e41d\" data-element_type=\"container\" data-e-type=\"container\">\n\t\t\t\t\t<div class=\"e-con-inner\">\n\t\t\t\t<div class=\"elementor-element elementor-element-7f020ef elementor-widget elementor-widget-heading\" data-id=\"7f020ef\" data-element_type=\"widget\" data-e-type=\"widget\" data-widget_type=\"heading.default\">\n\t\t\t\t<div class=\"elementor-widget-container\">\n\t\t\t\t\t<h2 class=\"elementor-heading-title elementor-size-default\">\u00bfVive con EHNA? No est\u00e1 solo.<\/h2>\t\t\t\t<\/div>\n\t\t\t\t<\/div>\n\t\t\t\t<div class=\"elementor-element elementor-element-370f272 elementor-widget elementor-widget-text-editor\" data-id=\"370f272\" data-element_type=\"widget\" data-e-type=\"widget\" data-widget_type=\"text-editor.default\">\n\t\t\t\t<div class=\"elementor-widget-container\">\n\t\t\t\t\t\t\t\t\t<p>Vivir con esteatohepatitis no alcoh\u00f3lica (EHNA) puede ser abrumador y tal vez piense que ya tiene demasiado que hacer como para someterse a un estudio cl\u00ednico. Sin embargo, usted puede desempe\u00f1ar un papel clave para ayudar a desarrollar los tratamientos que se est\u00e1n estudiando para mejorar nuestro conocimiento m\u00e9dico sobre la EHNA. Todos los tratamientos disponibles hoy en d\u00eda existen gracias a los participantes de los estudios que participaron activamente de la investigaci\u00f3n.<\/p>\t\t\t\t\t\t\t\t<\/div>\n\t\t\t\t<\/div>\n\t\t\t\t<div class=\"elementor-element elementor-element-3106087 elementor-widget elementor-widget-text-editor\" data-id=\"3106087\" data-element_type=\"widget\" data-e-type=\"widget\" data-widget_type=\"text-editor.default\">\n\t\t\t\t<div class=\"elementor-widget-container\">\n\t\t\t\t\t\t\t\t\t<p>Los estudios cl\u00ednicos son esenciales para investigar potenciales tratamientos y no son posibles sin las personas que participan. Todos los que participan en este estudio cl\u00ednico tienen una funci\u00f3n importante para mejorar la comprensi\u00f3n de la EHNA, lo que puede ayudar a otras personas con esta afecci\u00f3n en el futuro.<\/p>\t\t\t\t\t\t\t\t<\/div>\n\t\t\t\t<\/div>\n\t\t\t\t\t<\/div>\n\t\t\t\t<\/div>\n\t\t\t\t\t<\/div>\n\t\t\t\t<\/div>\n\t\t<div class=\"elementor-element elementor-element-40ff974 e-flex e-con-boxed e-con e-parent\" data-id=\"40ff974\" data-element_type=\"container\" data-e-type=\"container\">\n\t\t\t\t\t<div class=\"e-con-inner\">\n\t\t<div class=\"elementor-element elementor-element-c079ee9 e-con-full e-flex e-con e-child\" data-id=\"c079ee9\" data-element_type=\"container\" data-e-type=\"container\">\n\t\t\t\t<div class=\"elementor-element elementor-element-c83356b elementor-widget elementor-widget-text-editor\" data-id=\"c83356b\" data-element_type=\"widget\" data-e-type=\"widget\" data-widget_type=\"text-editor.default\">\n\t\t\t\t<div class=\"elementor-widget-container\">\n\t\t\t\t\t\t\t\t\tEn este sitio web se proporciona informaci\u00f3n sobre un estudio cl\u00ednico, NASHGEN-2, para personas con EHNA. La EHNA es un tipo de enfermedad de h\u00edgado graso no alcoh\u00f3lico (EHGNA) que se produce cuando la grasa se acumula en las c\u00e9lulas hep\u00e1ticas. Cuando se acumula grasa en el h\u00edgado, la respuesta del cuerpo a trav\u00e9s del sistema de defensa natural, el sistema inmunitario, produce inflamaci\u00f3n, lo que da\u00f1a las c\u00e9lulas cercanas. Los factores de riesgo para desarrollar EHNA incluyen diabetes, obesidad, hipertensi\u00f3n arterial y, posiblemente, otros factores como la gen\u00e9tica de una persona (los patrones de ADN que controlan la forma en que funcionan sus cuerpos). El objetivo de este estudio es ver el efecto del tratamiento en fase de investigaci\u00f3n sobre la reducci\u00f3n de las cicatrices hep\u00e1ticas en participantes del estudio que tienen ciertos factores de riesgo gen\u00e9ticos de EHNA.\t\t\t\t\t\t\t\t<\/div>\n\t\t\t\t<\/div>\n\t\t\t\t<div class=\"elementor-element elementor-element-572ed97 elementor-widget elementor-widget-text-editor\" data-id=\"572ed97\" data-element_type=\"widget\" data-e-type=\"widget\" data-widget_type=\"text-editor.default\">\n\t\t\t\t<div class=\"elementor-widget-container\">\n\t\t\t\t\t\t\t\t\tObtenga m\u00e1s informaci\u00f3n sobre NASHGEN-2 y vea si es una opci\u00f3n para usted o alg\u00fan conocido.\t\t\t\t\t\t\t\t<\/div>\n\t\t\t\t<\/div>\n\t\t\t\t<div class=\"elementor-element elementor-element-aada293 elementor-mobile-align-center elementor-widget elementor-widget-button\" data-id=\"aada293\" data-element_type=\"widget\" data-e-type=\"widget\" data-widget_type=\"button.default\">\n\t\t\t\t<div class=\"elementor-widget-container\">\n\t\t\t\t\t\t\t\t\t<div class=\"elementor-button-wrapper\">\n\t\t\t\t\t<a class=\"elementor-button elementor-button-link elementor-size-sm\" href=\"\/es-us\/about-nashgen-2\/\">\n\t\t\t\t\t\t<span class=\"elementor-button-content-wrapper\">\n\t\t\t\t\t\t\t\t\t<span class=\"elementor-button-text\">Obtenga m\u00e1s informaci\u00f3n<\/span>\n\t\t\t\t\t<\/span>\n\t\t\t\t\t<\/a>\n\t\t\t\t<\/div>\n\t\t\t\t\t\t\t\t<\/div>\n\t\t\t\t<\/div>\n\t\t\t\t<\/div>\n\t\t<div class=\"elementor-element elementor-element-bf983a7 e-con-full e-flex e-con e-child\" data-id=\"bf983a7\" data-element_type=\"container\" data-e-type=\"container\">\n\t\t\t\t<div class=\"elementor-element elementor-element-9081d04 elementor-widget elementor-widget-image\" data-id=\"9081d04\" data-element_type=\"widget\" data-e-type=\"widget\" data-widget_type=\"image.default\">\n\t\t\t\t<div class=\"elementor-widget-container\">\n\t\t\t\t\t\t\t\t\t\t\t\t\t\t\t<img decoding=\"async\" width=\"377\" height=\"468\" src=\"https:\/\/nashgenstudy.com\/wp-content\/uploads\/2024\/04\/livingRight.svg\" class=\"attachment-large size-large wp-image-52\" alt=\"\" \/>\t\t\t\t\t\t\t\t\t\t\t\t\t\t\t<\/div>\n\t\t\t\t<\/div>\n\t\t\t\t<\/div>\n\t\t\t\t\t<\/div>\n\t\t\t\t<\/div>\n\t\t\t\t<\/div>","protected":false},"excerpt":{"rendered":"<p>Clinical Research Study For Nash Learn about the NASHGEN-2 clinical study https:\/\/nashgenstudy.com\/wp-content\/uploads\/2024\/10\/freecompress-Advertisement-Video-Important-Discoveries-in-Fatty-Liver-41796960.0-As-Submitted.mp4 Living with NASH? You are not alone. Living with non-alcoholic steatohepatitis (NASH) may feel overwhelming, and you may feel that you have enough to do without committing to a clinical study. However, you may play a key role in helping to develop treatments [&hellip;]<\/p>\n","protected":false},"author":2,"featured_media":0,"parent":0,"menu_order":0,"comment_status":"closed","ping_status":"closed","template":"","meta":{"footnotes":""},"class_list":["post-8","page","type-page","status-publish","hentry"],"_links":{"self":[{"href":"https:\/\/nashgenstudy.com\/es-us\/wp-json\/wp\/v2\/pages\/8","targetHints":{"allow":["GET"]}}],"collection":[{"href":"https:\/\/nashgenstudy.com\/es-us\/wp-json\/wp\/v2\/pages"}],"about":[{"href":"https:\/\/nashgenstudy.com\/es-us\/wp-json\/wp\/v2\/types\/page"}],"author":[{"embeddable":true,"href":"https:\/\/nashgenstudy.com\/es-us\/wp-json\/wp\/v2\/users\/2"}],"replies":[{"embeddable":true,"href":"https:\/\/nashgenstudy.com\/es-us\/wp-json\/wp\/v2\/comments?post=8"}],"version-history":[{"count":0,"href":"https:\/\/nashgenstudy.com\/es-us\/wp-json\/wp\/v2\/pages\/8\/revisions"}],"wp:attachment":[{"href":"https:\/\/nashgenstudy.com\/es-us\/wp-json\/wp\/v2\/media?parent=8"}],"curies":[{"name":"wp","href":"https:\/\/api.w.org\/{rel}","templated":true}]}}